{"id":3578,"date":"2025-03-06T12:16:20","date_gmt":"2025-03-06T11:16:20","guid":{"rendered":"https:\/\/eldiav.com\/?page_id=3578"},"modified":"2025-09-03T15:43:31","modified_gmt":"2025-09-03T13:43:31","slug":"murallas-y-vino","status":"publish","type":"page","link":"https:\/\/eldiav.com\/en\/murallas-y-vino\/","title":{"rendered":"Murallas y vino"},"content":{"rendered":"<div data-elementor-type=\"wp-page\" data-elementor-id=\"3578\" class=\"elementor elementor-3578\">\n\t\t\t\t<div class=\"elementor-element elementor-element-870de06 e-flex e-con-boxed e-con e-parent\" data-id=\"870de06\" data-element_type=\"container\" data-e-type=\"container\">\n\t\t\t\t\t<div class=\"e-con-inner\">\n\t\t\t\t<div class=\"elementor-element elementor-element-c2c88ec elementor-widget elementor-widget-heading\" data-id=\"c2c88ec\" data-element_type=\"widget\" data-e-type=\"widget\" data-widget_type=\"heading.default\">\n\t\t\t\t<div class=\"elementor-widget-container\">\n\t\t\t\t\t<h1 class=\"elementor-heading-title elementor-size-default\">Murallas y Vino<\/h1>\t\t\t\t<\/div>\n\t\t\t\t<\/div>\n\t\t\t\t\t<\/div>\n\t\t\t\t<\/div>\n\t\t<div class=\"elementor-element elementor-element-17014cc e-flex e-con-boxed e-con e-parent\" data-id=\"17014cc\" data-element_type=\"container\" data-e-type=\"container\">\n\t\t\t\t\t<div class=\"e-con-inner\">\n\t\t\t\t<div class=\"elementor-element elementor-element-6dd8aa9 elementor-widget elementor-widget-heading\" data-id=\"6dd8aa9\" data-element_type=\"widget\" data-e-type=\"widget\" data-widget_type=\"heading.default\">\n\t\t\t\t<div class=\"elementor-widget-container\">\n\t\t\t\t\t<h2 class=\"elementor-heading-title elementor-size-default\">A Night of History, Music and Great Wines at the Castle of Pe\u00f1afiel<\/h2>\t\t\t\t<\/div>\n\t\t\t\t<\/div>\n\t\t\t\t<div class=\"elementor-element elementor-element-442658e elementor-hidden-desktop elementor-hidden-tablet elementor-hidden-mobile elementor-widget elementor-widget-heading\" data-id=\"442658e\" data-element_type=\"widget\" data-e-type=\"widget\" data-widget_type=\"heading.default\">\n\t\t\t\t<div class=\"elementor-widget-container\">\n\t\t\t\t\t<h2 class=\"elementor-heading-title elementor-size-default\">30 May 2025<\/h2>\t\t\t\t<\/div>\n\t\t\t\t<\/div>\n\t\t\t\t\t<\/div>\n\t\t\t\t<\/div>\n\t\t<div class=\"elementor-element elementor-element-99c3d69 e-flex e-con-boxed e-con e-parent\" data-id=\"99c3d69\" data-element_type=\"container\" data-e-type=\"container\">\n\t\t\t\t\t<div class=\"e-con-inner\">\n\t\t<div class=\"elementor-element elementor-element-306380c e-con-full e-flex e-con e-child\" data-id=\"306380c\" data-element_type=\"container\" data-e-type=\"container\">\n\t\t\t\t<div class=\"elementor-element elementor-element-7ffefcb elementor-invisible elementor-widget elementor-widget-image\" data-id=\"7ffefcb\" data-element_type=\"widget\" data-e-type=\"widget\" data-settings=\"{&quot;_animation&quot;:&quot;fadeInRight&quot;}\" data-widget_type=\"image.default\">\n\t\t\t\t<div class=\"elementor-widget-container\">\n\t\t\t\t\t\t\t\t\t\t\t\t\t\t\t<img fetchpriority=\"high\" decoding=\"async\" width=\"1583\" height=\"1042\" src=\"https:\/\/eldiav.com\/wp-content\/uploads\/2025\/03\/LOGO-MURALLAS-Y-VINO-BOCETO.jpg\" class=\"attachment-full size-full wp-image-3580\" alt=\"Logo Murallas y Vino\" srcset=\"https:\/\/eldiav.com\/wp-content\/uploads\/2025\/03\/LOGO-MURALLAS-Y-VINO-BOCETO.jpg 1583w, https:\/\/eldiav.com\/wp-content\/uploads\/2025\/03\/LOGO-MURALLAS-Y-VINO-BOCETO-300x197.jpg 300w, https:\/\/eldiav.com\/wp-content\/uploads\/2025\/03\/LOGO-MURALLAS-Y-VINO-BOCETO-1024x674.jpg 1024w, https:\/\/eldiav.com\/wp-content\/uploads\/2025\/03\/LOGO-MURALLAS-Y-VINO-BOCETO-768x506.jpg 768w, https:\/\/eldiav.com\/wp-content\/uploads\/2025\/03\/LOGO-MURALLAS-Y-VINO-BOCETO-1536x1011.jpg 1536w, https:\/\/eldiav.com\/wp-content\/uploads\/2025\/03\/LOGO-MURALLAS-Y-VINO-BOCETO-18x12.jpg 18w\" sizes=\"(max-width: 1583px) 100vw, 1583px\" \/>\t\t\t\t\t\t\t\t\t\t\t\t\t\t\t<\/div>\n\t\t\t\t<\/div>\n\t\t\t\t<\/div>\n\t\t<div class=\"elementor-element elementor-element-ceeb36c e-con-full e-flex e-con e-child\" data-id=\"ceeb36c\" data-element_type=\"container\" data-e-type=\"container\">\n\t\t\t\t<div class=\"elementor-element elementor-element-5033f43 elementor-widget elementor-widget-text-editor\" data-id=\"5033f43\" data-element_type=\"widget\" data-e-type=\"widget\" data-widget_type=\"text-editor.default\">\n\t\t\t\t<div class=\"elementor-widget-container\">\n\t\t\t\t\t\t\t\t\t<p>El imponente Castillo de Pe\u00f1afiel abre sus puertas para una velada \u00fanica: <strong>Murallas y Vino<\/strong>, the <strong>most exclusive social event<\/strong> as part of the premium wine tourism experience El D\u00eda V.<\/p><p>A <strong>magical night<\/strong> where history blends with the aroma and flavour of the best wines from <strong>Ribera del Duero<\/strong>. In this incomparable enclave, 200 lucky ones will be able to <strong>tasting two brands of wine from each of the wineries participating in V-Day, paired with an exquisite cocktail<\/strong> designed to enhance every nuance.<\/p><p>The experience will be accompanied by a carefully <strong>musical ambience<\/strong> that will further elevate the atmosphere of this unrepeatable evening.<\/p>\t\t\t\t\t\t\t\t<\/div>\n\t\t\t\t<\/div>\n\t\t\t\t<div class=\"elementor-element elementor-element-28e6aee elementor-hidden-desktop elementor-hidden-tablet elementor-hidden-mobile elementor-widget elementor-widget-text-editor\" data-id=\"28e6aee\" data-element_type=\"widget\" data-e-type=\"widget\" data-widget_type=\"text-editor.default\">\n\t\t\t\t<div class=\"elementor-widget-container\">\n\t\t\t\t\t\t\t\t\t<p>On 30 May, the imposing Pe\u00f1afiel Castle opens its doors for a unique evening: <strong>Murallas y Vino<\/strong>, the <strong>most exclusive social event<\/strong> as part of the premium wine tourism experience El D\u00eda V.<\/p><p>A <strong>magical night<\/strong> where history blends with the aroma and flavour of the best wines from <strong>Ribera del Duero<\/strong>. In this incomparable enclave, 200 lucky ones will be able to <strong>tasting two brands of wine from each of the wineries participating in V-Day, paired with an exquisite cocktail<\/strong> designed to enhance every nuance.<\/p><p>The experience will be accompanied by a carefully <strong>musical ambience<\/strong> that will further elevate the atmosphere of this unrepeatable evening.<\/p>\t\t\t\t\t\t\t\t<\/div>\n\t\t\t\t<\/div>\n\t\t\t\t<\/div>\n\t\t\t\t\t<\/div>\n\t\t\t\t<\/div>\n\t\t<div class=\"elementor-element elementor-element-bcbb6fd e-flex e-con-boxed e-con e-parent\" data-id=\"bcbb6fd\" data-element_type=\"container\" data-e-type=\"container\">\n\t\t\t\t\t<div class=\"e-con-inner\">\n\t\t<div class=\"elementor-element elementor-element-d63c805 e-con-full e-flex e-con e-child\" data-id=\"d63c805\" data-element_type=\"container\" data-e-type=\"container\">\n\t\t\t\t<div class=\"elementor-element elementor-element-6c0844f elementor-widget elementor-widget-text-editor\" data-id=\"6c0844f\" data-element_type=\"widget\" data-e-type=\"widget\" data-widget_type=\"text-editor.default\">\n\t\t\t\t<div class=\"elementor-widget-container\">\n\t\t\t\t\t\t\t\t\t<p>Murallas y Vino es el complemento perfecto al recorrido enotur\u00edstico El D\u00eda V: V Bodegas \u00b7 V Valores te llevar\u00e1 a descubrir la <strong>essence of five of the region's most iconic wineries: Protos, Ali\u00f3n, Pago de Carraovejas, Emilio Moro and Tinto Pesquera.<\/strong><\/p>\t\t\t\t\t\t\t\t<\/div>\n\t\t\t\t<\/div>\n\t\t\t\t<div class=\"elementor-element elementor-element-006fecd elementor-hidden-desktop elementor-hidden-tablet elementor-hidden-mobile elementor-widget elementor-widget-text-editor\" data-id=\"006fecd\" data-element_type=\"widget\" data-e-type=\"widget\" data-widget_type=\"text-editor.default\">\n\t\t\t\t<div class=\"elementor-widget-container\">\n\t\t\t\t\t\t\t\t\t<p>From today, you can secure your ticket for this exclusive event. Only 100 tickets are available on the website, priced from <strong>100\u20ac per person<\/strong> (+ handling fee).<\/p><p>Murallas y Vinos is the perfect complement to the day on 31 May, when the wine tourism tour V Day: V Wineries - V Values will take you to discover the <strong>essence of five of the region's most iconic wineries: Protos, Ali\u00f3n, Pago de Carraovejas, Emilio Moro and Tinto Pesquera.<\/strong><\/p>\t\t\t\t\t\t\t\t<\/div>\n\t\t\t\t<\/div>\n\t\t\t\t<\/div>\n\t\t<div class=\"elementor-element elementor-element-9c1e93e e-con-full e-flex elementor-invisible e-con e-child\" data-id=\"9c1e93e\" data-element_type=\"container\" data-e-type=\"container\" data-settings=\"{&quot;animation&quot;:&quot;fadeInDown&quot;}\">\n\t\t\t\t<div class=\"elementor-element elementor-element-96f0fee content-align-cta-default elementor-widget elementor-widget-eael-cta-box\" data-id=\"96f0fee\" data-element_type=\"widget\" data-e-type=\"widget\" data-widget_type=\"eael-cta-box.default\">\n\t\t\t\t<div class=\"elementor-widget-container\">\n\t\t\t\t\t\t\t<div class=\"eael-call-to-action cta-basic bg-lite cta-preset-1\">\n        <h2 class=\"title eael-cta-heading\">Live the wine.<br> Live the history.<br>Live an unforgettable experience.<\/h2><p>Book your ticket now and get ready for a night that will be etched in your memory and your taste buds!<\/p><a class=\"cta-button cta-preset-1  effect-1\">Purchase tickets<\/a>\t<\/div>\n\t\t\t\t\t\t\t\t<\/div>\n\t\t\t\t<\/div>\n\t\t\t\t<\/div>\n\t\t\t\t\t<\/div>\n\t\t\t\t<\/div>\n\t\t<div class=\"elementor-element elementor-element-c6a594d e-flex e-con-boxed e-con e-parent\" data-id=\"c6a594d\" data-element_type=\"container\" data-e-type=\"container\">\n\t\t\t\t\t<div class=\"e-con-inner\">\n\t\t\t\t\t<\/div>\n\t\t\t\t<\/div>\n\t\t<div class=\"elementor-element elementor-element-c0199db e-flex e-con-boxed e-con e-parent\" data-id=\"c0199db\" data-element_type=\"container\" data-e-type=\"container\">\n\t\t\t\t\t<div class=\"e-con-inner\">\n\t\t\t\t<div class=\"elementor-element elementor-element-be7be6a elementor-arrows-position-inside elementor-pagination-position-outside elementor-widget elementor-widget-image-carousel\" data-id=\"be7be6a\" data-element_type=\"widget\" data-e-type=\"widget\" data-settings=\"{&quot;slides_to_show&quot;:&quot;5&quot;,&quot;slides_to_scroll&quot;:&quot;2&quot;,&quot;navigation&quot;:&quot;both&quot;,&quot;autoplay&quot;:&quot;yes&quot;,&quot;pause_on_hover&quot;:&quot;yes&quot;,&quot;pause_on_interaction&quot;:&quot;yes&quot;,&quot;autoplay_speed&quot;:5000,&quot;infinite&quot;:&quot;yes&quot;,&quot;speed&quot;:500}\" data-widget_type=\"image-carousel.default\">\n\t\t\t\t<div class=\"elementor-widget-container\">\n\t\t\t\t\t\t\t<div class=\"elementor-image-carousel-wrapper swiper\" role=\"region\" aria-roledescription=\"carousel\" aria-label=\"Carousel of images\" dir=\"ltr\">\n\t\t\t<div class=\"elementor-image-carousel swiper-wrapper\" aria-live=\"off\">\n\t\t\t\t\t\t\t\t<div class=\"swiper-slide\" role=\"group\" aria-roledescription=\"slide\" aria-label=\"1 of 10\" data-no-translation-aria-label=\"\"><figure class=\"swiper-slide-inner\"><img decoding=\"async\" class=\"swiper-slide-image\" src=\"https:\/\/eldiav.com\/wp-content\/uploads\/2025\/03\/TINTO-PESQUERA-RESERVA-2021.png\" alt=\"TINTO-PESQUERA-RESERVA-2021\" \/><\/figure><\/div><div class=\"swiper-slide\" role=\"group\" aria-roledescription=\"slide\" aria-label=\"2 of 10\" data-no-translation-aria-label=\"\"><figure class=\"swiper-slide-inner\"><img decoding=\"async\" class=\"swiper-slide-image\" src=\"https:\/\/eldiav.com\/wp-content\/uploads\/2025\/03\/Tinto-Pesquera-Albillo-Mayor.png\" alt=\"Tinto-Pesquera-Albillo-Mayor\" \/><\/figure><\/div><div class=\"swiper-slide\" role=\"group\" aria-roledescription=\"slide\" aria-label=\"3 of 10\" data-no-translation-aria-label=\"\"><figure class=\"swiper-slide-inner\"><img decoding=\"async\" class=\"swiper-slide-image\" src=\"https:\/\/eldiav.com\/wp-content\/uploads\/2025\/03\/Protos_grajoviejo.png\" alt=\"Protos_grajoviejo\" \/><\/figure><\/div><div class=\"swiper-slide\" role=\"group\" aria-roledescription=\"slide\" aria-label=\"4 of 10\" data-no-translation-aria-label=\"\"><figure class=\"swiper-slide-inner\"><img decoding=\"async\" class=\"swiper-slide-image\" src=\"https:\/\/eldiav.com\/wp-content\/uploads\/2025\/03\/milsetentayseis-tinto.png\" alt=\"milsetentayseis-tinto\" \/><\/figure><\/div><div class=\"swiper-slide\" role=\"group\" aria-roledescription=\"slide\" aria-label=\"5 of 10\" data-no-translation-aria-label=\"\"><figure class=\"swiper-slide-inner\"><img decoding=\"async\" class=\"swiper-slide-image\" src=\"https:\/\/eldiav.com\/wp-content\/uploads\/2025\/03\/Maranones-blanco-2022.png\" alt=\"Mara\u00f1ones-blanco-2022\" \/><\/figure><\/div><div class=\"swiper-slide\" role=\"group\" aria-roledescription=\"slide\" aria-label=\"6 of 10\" data-no-translation-aria-label=\"\"><figure class=\"swiper-slide-inner\"><img decoding=\"async\" class=\"swiper-slide-image\" src=\"https:\/\/eldiav.com\/wp-content\/uploads\/2025\/03\/Malleolus-2022.png\" alt=\"Malleolus-2022\" \/><\/figure><\/div><div class=\"swiper-slide\" role=\"group\" aria-roledescription=\"slide\" aria-label=\"7 of 10\" data-no-translation-aria-label=\"\"><figure class=\"swiper-slide-inner\"><img decoding=\"async\" class=\"swiper-slide-image\" src=\"https:\/\/eldiav.com\/wp-content\/uploads\/2025\/03\/El-Zarzal-2023.png\" alt=\"El-Zarzal\u00a0-2023\" \/><\/figure><\/div><div class=\"swiper-slide\" role=\"group\" aria-roledescription=\"slide\" aria-label=\"8 of 10\" data-no-translation-aria-label=\"\"><figure class=\"swiper-slide-inner\"><img decoding=\"async\" class=\"swiper-slide-image\" src=\"https:\/\/eldiav.com\/wp-content\/uploads\/2025\/03\/bodegas-protos-carroa.png\" alt=\"bodegas-protos-carroa\" \/><\/figure><\/div><div class=\"swiper-slide\" role=\"group\" aria-roledescription=\"slide\" aria-label=\"9 of 10\" data-no-translation-aria-label=\"\"><figure class=\"swiper-slide-inner\"><img decoding=\"async\" class=\"swiper-slide-image\" src=\"https:\/\/eldiav.com\/wp-content\/uploads\/2025\/03\/Alion_2021.png\" alt=\"Alion_2021\" \/><\/figure><\/div><div class=\"swiper-slide\" role=\"group\" aria-roledescription=\"slide\" aria-label=\"10 of 10\" data-no-translation-aria-label=\"\"><figure class=\"swiper-slide-inner\"><img decoding=\"async\" class=\"swiper-slide-image\" src=\"https:\/\/eldiav.com\/wp-content\/uploads\/2025\/03\/Mandolas_2022.png\" alt=\"Mandolas_2022\" \/><\/figure><\/div>\t\t\t<\/div>\n\t\t\t\t\t\t\t\t\t\t\t\t<div class=\"elementor-swiper-button elementor-swiper-button-prev\" role=\"button\" tabindex=\"0\">\n\t\t\t\t\t\t<svg aria-hidden=\"true\" class=\"e-font-icon-svg e-eicon-chevron-left\" viewbox=\"0 0 1000 1000\" xmlns=\"http:\/\/www.w3.org\/2000\/svg\"><path d=\"M646 125C629 125 613 133 604 142L308 442C296 454 292 471 292 487 292 504 296 521 308 533L604 854C617 867 629 875 646 875 663 875 679 871 692 858 704 846 713 829 713 812 713 796 708 779 692 767L438 487 692 225C700 217 708 204 708 187 708 171 704 154 692 142 675 129 663 125 646 125Z\"><\/path><\/svg>\t\t\t\t\t<\/div>\n\t\t\t\t\t<div class=\"elementor-swiper-button elementor-swiper-button-next\" role=\"button\" tabindex=\"0\">\n\t\t\t\t\t\t<svg aria-hidden=\"true\" class=\"e-font-icon-svg e-eicon-chevron-right\" viewbox=\"0 0 1000 1000\" xmlns=\"http:\/\/www.w3.org\/2000\/svg\"><path d=\"M696 533C708 521 713 504 713 487 713 471 708 454 696 446L400 146C388 133 375 125 354 125 338 125 325 129 313 142 300 154 292 171 292 187 292 204 296 221 308 233L563 492 304 771C292 783 288 800 288 817 288 833 296 850 308 863 321 871 338 875 354 875 371 875 388 867 400 854L696 533Z\"><\/path><\/svg>\t\t\t\t\t<\/div>\n\t\t\t\t\n\t\t\t\t\t\t\t\t\t<div class=\"swiper-pagination\"><\/div>\n\t\t\t\t\t\t\t\t\t<\/div>\n\t\t\t\t\t\t<\/div>\n\t\t\t\t<\/div>\n\t\t\t\t\t<\/div>\n\t\t\t\t<\/div>\n\t\t\t\t<\/div>","protected":false},"excerpt":{"rendered":"<p>Murallas y Vino Una Noche de Historia, M\u00fasica y Grandes Vinos en el Castillo de Pe\u00f1afiel 30 de mayo de 2025 El imponente Castillo de Pe\u00f1afiel abre sus puertas para una velada \u00fanica: Murallas y Vino, el evento social m\u00e1s exclusivo dentro de la experiencia enotur\u00edstica premium El D\u00eda V. Una noche m\u00e1gica donde la [&hellip;]<\/p>\n","protected":false},"author":1,"featured_media":817,"parent":0,"menu_order":0,"comment_status":"closed","ping_status":"closed","template":"elementor_header_footer","meta":{"_eb_attr":"","_citadela_hide_page_title":"","_citadela_remove_header_space":"","_citadela_custom_class":"","_citadela_header":false,"_citadela_header_over_content":false,"_citadela_header_text_color":"","_citadela_header_logo":[],"_citadela_header_bg_image":[],"_citadela_header_bg_position":{"x":0.5,"y":0.5},"_citadela_header_bg_size":"cover","_citadela_header_bg_repeat":"no-repeat","_citadela_header_bg_fixed":false,"_citadela_header_bg_color":"","_citadela_header_bg_image_overlay":"","_citadela_header_transparent_bg":false,"_citadela_content_width":"","footnotes":""},"class_list":["post-3578","page","type-page","status-publish","has-post-thumbnail","hentry"],"yoast_head":"<!-- This site is optimized with the Yoast SEO plugin v27.4 - https:\/\/yoast.com\/product\/yoast-seo-wordpress\/ -->\n<title>Murallas y vino - El D\u00eda V<\/title>\n<meta name=\"robots\" content=\"index, follow, max-snippet:-1, max-image-preview:large, max-video-preview:-1\" \/>\n<link rel=\"canonical\" href=\"https:\/\/eldiav.com\/en\/murallas-y-vino\/\" \/>\n<meta property=\"og:locale\" content=\"en_GB\" \/>\n<meta property=\"og:type\" content=\"article\" \/>\n<meta property=\"og:title\" content=\"Murallas y vino - El D\u00eda V\" \/>\n<meta property=\"og:description\" content=\"Murallas y Vino Una Noche de Historia, M\u00fasica y Grandes Vinos en el Castillo de Pe\u00f1afiel 30 de mayo de 2025 El imponente Castillo de Pe\u00f1afiel abre sus puertas para una velada \u00fanica: Murallas y Vino, el evento social m\u00e1s exclusivo dentro de la experiencia enotur\u00edstica premium El D\u00eda V. Una noche m\u00e1gica donde la [&hellip;]\" \/>\n<meta property=\"og:url\" content=\"https:\/\/eldiav.com\/en\/murallas-y-vino\/\" \/>\n<meta property=\"og:site_name\" content=\"El D\u00eda V\" \/>\n<meta property=\"article:modified_time\" content=\"2025-09-03T13:43:31+00:00\" \/>\n<meta property=\"og:image\" content=\"https:\/\/eldiav.com\/wp-content\/uploads\/2024\/12\/logo-tinto-pesquera.jpg\" \/>\n\t<meta property=\"og:image:width\" content=\"1563\" \/>\n\t<meta property=\"og:image:height\" content=\"1080\" \/>\n\t<meta property=\"og:image:type\" content=\"image\/jpeg\" \/>\n<meta name=\"twitter:card\" content=\"summary_large_image\" \/>\n<meta name=\"twitter:label1\" content=\"Estimated reading time\" \/>\n\t<meta name=\"twitter:data1\" content=\"6 minutes\" \/>\n<script type=\"application\/ld+json\" class=\"yoast-schema-graph\">{\"@context\":\"https:\\\/\\\/schema.org\",\"@graph\":[{\"@type\":\"WebPage\",\"@id\":\"https:\\\/\\\/eldiav.com\\\/murallas-y-vino\\\/\",\"url\":\"https:\\\/\\\/eldiav.com\\\/murallas-y-vino\\\/\",\"name\":\"Murallas y vino - El D\u00eda V\",\"isPartOf\":{\"@id\":\"https:\\\/\\\/eldiav.com\\\/#website\"},\"primaryImageOfPage\":{\"@id\":\"https:\\\/\\\/eldiav.com\\\/murallas-y-vino\\\/#primaryimage\"},\"image\":{\"@id\":\"https:\\\/\\\/eldiav.com\\\/murallas-y-vino\\\/#primaryimage\"},\"thumbnailUrl\":\"https:\\\/\\\/eldiav.com\\\/wp-content\\\/uploads\\\/2024\\\/12\\\/logo-tinto-pesquera.jpg\",\"datePublished\":\"2025-03-06T11:16:20+00:00\",\"dateModified\":\"2025-09-03T13:43:31+00:00\",\"breadcrumb\":{\"@id\":\"https:\\\/\\\/eldiav.com\\\/murallas-y-vino\\\/#breadcrumb\"},\"inLanguage\":\"en-GB\",\"potentialAction\":[{\"@type\":\"ReadAction\",\"target\":[\"https:\\\/\\\/eldiav.com\\\/murallas-y-vino\\\/\"]}]},{\"@type\":\"ImageObject\",\"inLanguage\":\"en-GB\",\"@id\":\"https:\\\/\\\/eldiav.com\\\/murallas-y-vino\\\/#primaryimage\",\"url\":\"https:\\\/\\\/eldiav.com\\\/wp-content\\\/uploads\\\/2024\\\/12\\\/logo-tinto-pesquera.jpg\",\"contentUrl\":\"https:\\\/\\\/eldiav.com\\\/wp-content\\\/uploads\\\/2024\\\/12\\\/logo-tinto-pesquera.jpg\",\"width\":1563,\"height\":1080},{\"@type\":\"BreadcrumbList\",\"@id\":\"https:\\\/\\\/eldiav.com\\\/murallas-y-vino\\\/#breadcrumb\",\"itemListElement\":[{\"@type\":\"ListItem\",\"position\":1,\"name\":\"Portada\",\"item\":\"https:\\\/\\\/eldiav.com\\\/\"},{\"@type\":\"ListItem\",\"position\":2,\"name\":\"Murallas y vino\"}]},{\"@type\":\"WebSite\",\"@id\":\"https:\\\/\\\/eldiav.com\\\/#website\",\"url\":\"https:\\\/\\\/eldiav.com\\\/\",\"name\":\"El D\u00eda V\",\"description\":\"31 de mayo - Ruta del vino en Ribera del Duero\",\"publisher\":{\"@id\":\"https:\\\/\\\/eldiav.com\\\/#organization\"},\"potentialAction\":[{\"@type\":\"SearchAction\",\"target\":{\"@type\":\"EntryPoint\",\"urlTemplate\":\"https:\\\/\\\/eldiav.com\\\/?s={search_term_string}\"},\"query-input\":{\"@type\":\"PropertyValueSpecification\",\"valueRequired\":true,\"valueName\":\"search_term_string\"}}],\"inLanguage\":\"en-GB\"},{\"@type\":\"Organization\",\"@id\":\"https:\\\/\\\/eldiav.com\\\/#organization\",\"name\":\"El D\u00eda V\",\"url\":\"https:\\\/\\\/eldiav.com\\\/\",\"logo\":{\"@type\":\"ImageObject\",\"inLanguage\":\"en-GB\",\"@id\":\"https:\\\/\\\/eldiav.com\\\/#\\\/schema\\\/logo\\\/image\\\/\",\"url\":\"https:\\\/\\\/eldiav.com\\\/wp-content\\\/uploads\\\/2025\\\/03\\\/DIA-V_SELLO.png\",\"contentUrl\":\"https:\\\/\\\/eldiav.com\\\/wp-content\\\/uploads\\\/2025\\\/03\\\/DIA-V_SELLO.png\",\"width\":364,\"height\":364,\"caption\":\"El D\u00eda V\"},\"image\":{\"@id\":\"https:\\\/\\\/eldiav.com\\\/#\\\/schema\\\/logo\\\/image\\\/\"}}]}<\/script>\n<!-- \/ Yoast SEO plugin. -->","yoast_head_json":{"title":"Murallas y vino - El D\u00eda V","robots":{"index":"index","follow":"follow","max-snippet":"max-snippet:-1","max-image-preview":"max-image-preview:large","max-video-preview":"max-video-preview:-1"},"canonical":"https:\/\/eldiav.com\/en\/murallas-y-vino\/","og_locale":"en_GB","og_type":"article","og_title":"Murallas y vino - El D\u00eda V","og_description":"Murallas y Vino Una Noche de Historia, M\u00fasica y Grandes Vinos en el Castillo de Pe\u00f1afiel 30 de mayo de 2025 El imponente Castillo de Pe\u00f1afiel abre sus puertas para una velada \u00fanica: Murallas y Vino, el evento social m\u00e1s exclusivo dentro de la experiencia enotur\u00edstica premium El D\u00eda V. Una noche m\u00e1gica donde la [&hellip;]","og_url":"https:\/\/eldiav.com\/en\/murallas-y-vino\/","og_site_name":"El D\u00eda V","article_modified_time":"2025-09-03T13:43:31+00:00","og_image":[{"width":1563,"height":1080,"url":"https:\/\/eldiav.com\/wp-content\/uploads\/2024\/12\/logo-tinto-pesquera.jpg","type":"image\/jpeg"}],"twitter_card":"summary_large_image","twitter_misc":{"Estimated reading time":"6 minutes"},"schema":{"@context":"https:\/\/schema.org","@graph":[{"@type":"WebPage","@id":"https:\/\/eldiav.com\/murallas-y-vino\/","url":"https:\/\/eldiav.com\/murallas-y-vino\/","name":"Murallas y vino - El D\u00eda V","isPartOf":{"@id":"https:\/\/eldiav.com\/#website"},"primaryImageOfPage":{"@id":"https:\/\/eldiav.com\/murallas-y-vino\/#primaryimage"},"image":{"@id":"https:\/\/eldiav.com\/murallas-y-vino\/#primaryimage"},"thumbnailUrl":"https:\/\/eldiav.com\/wp-content\/uploads\/2024\/12\/logo-tinto-pesquera.jpg","datePublished":"2025-03-06T11:16:20+00:00","dateModified":"2025-09-03T13:43:31+00:00","breadcrumb":{"@id":"https:\/\/eldiav.com\/murallas-y-vino\/#breadcrumb"},"inLanguage":"en-GB","potentialAction":[{"@type":"ReadAction","target":["https:\/\/eldiav.com\/murallas-y-vino\/"]}]},{"@type":"ImageObject","inLanguage":"en-GB","@id":"https:\/\/eldiav.com\/murallas-y-vino\/#primaryimage","url":"https:\/\/eldiav.com\/wp-content\/uploads\/2024\/12\/logo-tinto-pesquera.jpg","contentUrl":"https:\/\/eldiav.com\/wp-content\/uploads\/2024\/12\/logo-tinto-pesquera.jpg","width":1563,"height":1080},{"@type":"BreadcrumbList","@id":"https:\/\/eldiav.com\/murallas-y-vino\/#breadcrumb","itemListElement":[{"@type":"ListItem","position":1,"name":"Portada","item":"https:\/\/eldiav.com\/"},{"@type":"ListItem","position":2,"name":"Murallas y vino"}]},{"@type":"WebSite","@id":"https:\/\/eldiav.com\/#website","url":"https:\/\/eldiav.com\/","name":"El D\u00eda V","description":"31 de mayo - Ruta del vino en Ribera del Duero","publisher":{"@id":"https:\/\/eldiav.com\/#organization"},"potentialAction":[{"@type":"SearchAction","target":{"@type":"EntryPoint","urlTemplate":"https:\/\/eldiav.com\/?s={search_term_string}"},"query-input":{"@type":"PropertyValueSpecification","valueRequired":true,"valueName":"search_term_string"}}],"inLanguage":"en-GB"},{"@type":"Organization","@id":"https:\/\/eldiav.com\/#organization","name":"El D\u00eda V","url":"https:\/\/eldiav.com\/","logo":{"@type":"ImageObject","inLanguage":"en-GB","@id":"https:\/\/eldiav.com\/#\/schema\/logo\/image\/","url":"https:\/\/eldiav.com\/wp-content\/uploads\/2025\/03\/DIA-V_SELLO.png","contentUrl":"https:\/\/eldiav.com\/wp-content\/uploads\/2025\/03\/DIA-V_SELLO.png","width":364,"height":364,"caption":"El D\u00eda V"},"image":{"@id":"https:\/\/eldiav.com\/#\/schema\/logo\/image\/"}}]}},"_links":{"self":[{"href":"https:\/\/eldiav.com\/en\/wp-json\/wp\/v2\/pages\/3578","targetHints":{"allow":["GET"]}}],"collection":[{"href":"https:\/\/eldiav.com\/en\/wp-json\/wp\/v2\/pages"}],"about":[{"href":"https:\/\/eldiav.com\/en\/wp-json\/wp\/v2\/types\/page"}],"author":[{"embeddable":true,"href":"https:\/\/eldiav.com\/en\/wp-json\/wp\/v2\/users\/1"}],"replies":[{"embeddable":true,"href":"https:\/\/eldiav.com\/en\/wp-json\/wp\/v2\/comments?post=3578"}],"version-history":[{"count":79,"href":"https:\/\/eldiav.com\/en\/wp-json\/wp\/v2\/pages\/3578\/revisions"}],"predecessor-version":[{"id":3953,"href":"https:\/\/eldiav.com\/en\/wp-json\/wp\/v2\/pages\/3578\/revisions\/3953"}],"wp:featuredmedia":[{"embeddable":true,"href":"https:\/\/eldiav.com\/en\/wp-json\/wp\/v2\/media\/817"}],"wp:attachment":[{"href":"https:\/\/eldiav.com\/en\/wp-json\/wp\/v2\/media?parent=3578"}],"curies":[{"name":"wp","href":"https:\/\/api.w.org\/{rel}","templated":true}]}}